{"id":275,"date":"2026-04-07T00:07:17","date_gmt":"2026-04-07T00:07:17","guid":{"rendered":"https:\/\/aurin.pl\/?page_id=275"},"modified":"2026-04-07T18:39:31","modified_gmt":"2026-04-07T18:39:31","slug":"elementor-275","status":"publish","type":"page","link":"https:\/\/aurin.pl\/?page_id=275","title":{"rendered":"Kontakt"},"content":{"rendered":"\t\t<div data-elementor-type=\"wp-page\" data-elementor-id=\"275\" class=\"elementor elementor-275\" data-elementor-post-type=\"page\">\n\t\t\t\t<div class=\"elementor-element elementor-element-1a7041b e-flex e-con-boxed e-con e-parent\" data-id=\"1a7041b\" data-element_type=\"container\" data-e-type=\"container\">\n\t\t\t\t\t<div class=\"e-con-inner\">\n\t\t\t\t<div class=\"elementor-element elementor-element-d276430 elementor-widget elementor-widget-google_maps\" data-id=\"d276430\" data-element_type=\"widget\" data-e-type=\"widget\" data-widget_type=\"google_maps.default\">\n\t\t\t\t\t\t\t<div class=\"elementor-custom-embed\">\n\t\t\t<iframe loading=\"lazy\"\n\t\t\t\t\tsrc=\"https:\/\/maps.google.com\/maps?q=indyjska%2023%20warszawa%20polska&#038;t=m&#038;z=15&#038;output=embed&#038;iwloc=near\"\n\t\t\t\t\ttitle=\"indyjska 23 warszawa polska\"\n\t\t\t\t\taria-label=\"indyjska 23 warszawa polska\"\n\t\t\t><\/iframe>\n\t\t<\/div>\n\t\t\t\t\t\t<\/div>\n\t\t\t\t\t<\/div>\n\t\t\t\t<\/div>\n\t\t<div class=\"elementor-element elementor-element-304ba70 e-grid e-con-boxed e-con e-parent\" data-id=\"304ba70\" data-element_type=\"container\" data-e-type=\"container\">\n\t\t\t\t\t<div class=\"e-con-inner\">\n\t\t<div class=\"elementor-element elementor-element-847f882 e-con-full e-flex e-con e-child\" data-id=\"847f882\" data-element_type=\"container\" data-e-type=\"container\">\n\t\t\t\t<div class=\"elementor-element elementor-element-9a13c0c elementor-widget elementor-widget-text-editor\" data-id=\"9a13c0c\" data-element_type=\"widget\" data-e-type=\"widget\" data-widget_type=\"text-editor.default\">\n\t\t\t\t\t\t\t\t\t<div class=\"main_title\"><h2>Kontakt<\/h2><p>S\u0105 r\u00f3\u017cne sposoby kontaktu! Wybierz najwygodniejszy dla Ciebie!<\/p><\/div><div class=\"contact_d_list\"><div class=\"contact_d_list_item\"><a href=\"tel:570595255\">recepcja: 570 595 255 (godz. 14:00-20:00)<\/a><\/div><div class=\"contact_d_list_item\"><a href=\"mailto:biuro@aurin.pl?subject=Kontakt%20ze%20strony\">mail:biuro@aurin.pl<\/a><\/div><div class=\"contact_d_list_item\"><p>Ul. Indyjska 23<br \/>03-957, Warszawa<\/p><\/div><div class=\"contact_d_list_item\"><p>Godziny otwarcia:<br \/>poniedzia\u0142ek-pi\u0105tek 14.00-20.00<br \/><br \/><\/p><\/div><\/div><div class=\"static_social\"><div class=\"main_title\"><h2>Bad\u017a na bie\u017c\u0105co!<\/h2><\/div><\/div><div>\u00a0<\/div>\t\t\t\t\t\t\t\t<\/div>\n\t\t\t\t<div class=\"elementor-element elementor-element-4c54576 elementor-widget elementor-widget-facebook-page\" data-id=\"4c54576\" data-element_type=\"widget\" data-e-type=\"widget\" data-widget_type=\"facebook-page.default\">\n\t\t\t\t\t<div class=\"elementor-facebook-widget fb-page\" data-href=\"https:\/\/www.facebook.com\/CentrumAurin\/\" data-tabs=\"timeline\" data-height=\"500px\" data-width=\"500px\" data-small-header=\"true\" data-hide-cover=\"false\" data-show-facepile=\"true\" data-hide-cta=\"false\" style=\"min-height: 1px;height:500px\"><\/div>\t\t\t\t<\/div>\n\t\t\t\t<div class=\"elementor-element elementor-element-2b4028e elementor-widget elementor-widget-text-editor\" data-id=\"2b4028e\" data-element_type=\"widget\" data-e-type=\"widget\" data-widget_type=\"text-editor.default\">\n\t\t\t\t\t\t\t\t\t<div class=\"main_title\">\u00a0<\/div><div><div class=\"main_title\"><h2>Dane do przelew\u00f3w<\/h2><\/div><p><span style=\"color: #ff0000;\">!!! UWAGA ZMIANA NR KONTA OD 1 KWIETNIA 2026!!!<\/span><br \/>CDiT Aurin<br \/>Konwaliowa Katrzyna Klajn<br \/>ul. Kowalczyka 1a, 03-193 Warszawa<br \/>Nr konta: m Bank 48 1140 2004 0000 3102 8649 4127<br \/>NIP: 118 176 17 65<\/p><\/div><div><div class=\"main_title\"><h2>Jak dojecha\u0107?<\/h2><\/div><p>Centrum Terapii i Rozwoju Dziecka AURIN znajduje si\u0119 w Warszawie na Saskiej K\u0119pie, przy ulicy Indyjskiej 23, nieopodal (ok. 1 min piechot\u0105) przystanku autobusowego\u00a0<a href=\"http:\/\/www.ztm.waw.pl\/\/rozklad_nowy.php?c=183&amp;r=1&amp;a=2097&amp;l=1\" target=\"_blank\" rel=\"noopener\">Saska<\/a>, sk\u0105d mo\u017cna do nas dotrze\u0107 dogodnie niemal z ka\u017cdego miejsca Warszawy (szczeg\u00f3lnie dobry dojazd b\u0119d\u0105 mieli mieszka\u0144cy Goc\u0142awia, Pragi i Centrum).<\/p><\/div><div><p><a href=\"https:\/\/aurin.pl\/polityka.php\">Polityka Ochrony i Bezpiecze\u0144stwa Dzieci<\/a><\/p><\/div>\t\t\t\t\t\t\t\t<\/div>\n\t\t\t\t<\/div>\n\t\t<div class=\"elementor-element elementor-element-1d842c7 e-con-full e-flex e-con e-child\" data-id=\"1d842c7\" data-element_type=\"container\" data-e-type=\"container\">\n\t\t<form class=\"e-con e-atomic-element e-form-base form-state-default \"\n      data-id=\"5a678ef\"\n      data-element_type=\"e-form\"\n      data-e-type=\"e-form\"\n      data-interaction-id=\"5a678ef\"\n      data-interactions=\"null\"\n      x-data=\"eForm5a678ef\"\n      x-on:submit=\"submit\"      aria-label=\"Formularz\"\n      data-form-name=\"Formularz\"\n      >\n    \t\t\t<label \n\t\n\tclass=\"e-form-label-base\"\n\tfor=e-form-first-name\n\tdata-interaction-id=\"48e111b\"\n\tdata-e-type=\"widget\" data-id=\"48e111b\"\n\t\n>Imi\u0119<\/label>\n\t\t\t\t\t<input \n\tid=e-form-first-name\n\tname=e-form-first-name\n\tclass=\"e-form-input-base\"\n\ttype=\"text\"\n\tdata-interaction-id=\"4b052c3\"\n\tdata-e-type=\"widget\" data-id=\"4b052c3\" \n\t\n\tplaceholder=Imi&#x0119;\n\trequired\n\t\n\/>\n\t\t\t\t\t<label \n\t\n\tclass=\"e-form-label-base\"\n\tfor=e-form-last-name\n\tdata-interaction-id=\"27a5e5b\"\n\tdata-e-type=\"widget\" data-id=\"27a5e5b\"\n\t\n>Tytu\u0142<\/label>\n\t\t\t\t\t<input \n\tid=e-form-last-name\n\tname=e-form-last-name\n\tclass=\"e-form-input-base\"\n\ttype=\"text\"\n\tdata-interaction-id=\"c7f7cfa\"\n\tdata-e-type=\"widget\" data-id=\"c7f7cfa\" \n\t\n\tplaceholder=tytu&#x0142;\n\trequired\n\t\n\/>\n\t\t\t\t\t<label \n\t\n\tclass=\"e-form-label-base\"\n\tfor=e-form-email\n\tdata-interaction-id=\"eae1366\"\n\tdata-e-type=\"widget\" data-id=\"eae1366\"\n\t\n>E-mail<\/label>\n\t\t\t\t\t<input \n\tid=e-form-email\n\tname=e-form-email\n\tclass=\"e-form-input-base\"\n\ttype=\"email\"\n\tdata-interaction-id=\"51c4c76\"\n\tdata-e-type=\"widget\" data-id=\"51c4c76\" \n\t\n\tplaceholder=tw&#x00F3;j&#x40;mail.com\n\trequired\n\t\n\/>\n\t\t\t\t\t<label \n\t\n\tclass=\"e-form-label-base\"\n\tfor=e-form-message\n\tdata-interaction-id=\"1563161\"\n\tdata-e-type=\"widget\" data-id=\"1563161\"\n\t\n>Komunikat<\/label>\n\t\t\t\t\t<textarea\t\n\tid=e-form-message\n\tname=e-form-message\n\tclass=\"e-form-textarea-base\"\n\tdata-interaction-id=\"971425a\"\n\tdata-e-type=\"widget\" data-id=\"971425a\"\n\t\n\tplaceholder=Twoja&#x20;wiadomo&#x015B;&#x0107;\n\t\n\t\n\trows=4\n\t\n\t\n\tdata-resizable\n><\/textarea>\n\t\t<div class=\"elementor-element elementor-element-fa928af e-flex e-con-boxed e-con e-parent\" data-id=\"fa928af\" data-element_type=\"container\" data-e-type=\"container\">\n\t\t\t\t\t<div class=\"e-con-inner\">\n\t\t\t\t\t<label \n\t\n\tclass=\"e-form-label-base\"\n\tfor=e-form-checkbox\n\tdata-interaction-id=\"cdc2cbc\"\n\tdata-e-type=\"widget\" data-id=\"cdc2cbc\"\n\t\n>Wype\u0142nienie formularza oznacza, \u017ce podane w nim dane osobowe b\u0119d\u0105 przetwarzane w celu nawi\u0105zania kontaktu i przedstawienia oferty. Zasady przetwarzania i informacje o administratorze znajdziesz tutaj:Polityka prywatno\u015bci strony www.aurin.pl <\/label>\n\t\t\t\t<div class=\"elementor-element elementor-element-70fcd65 elementor-widget elementor-widget-text-editor\" data-id=\"70fcd65\" data-element_type=\"widget\" data-e-type=\"widget\" data-widget_type=\"text-editor.default\">\n\t\t\t\t\t\t\t\t\t<p>\u00a0<\/p><ol><li>Informacje og\u00f3lne Niniejsza Polityka Prywatno\u015bci okre\u015bla zasady przetwarzania i ochrony danych osobowych przekazanych przez U\u017cytkownik\u00f3w w zwi\u0105zku z korzystaniem przez nich us\u0142ug Centrum Terapii i Rozwoju Dziecka AURIN poprzez stron\u0119 www.aurin.pl.<\/li><li>Administratorem danych osobowych zawartych na stronie jest Terapia Dzieci\u0119ca Magdalena Nawarecka z siedzib\u0105 w Koby\u0142ce, ul. Nadarzyn 29 NIP1251340716. Firma jest w\u0142a\u015bcicielem o\u015brodka Centrum Terapii i Rozwoju Dziecka AURIN.<\/li><li>W trosce o bezpiecze\u0144stwo powierzonych nam danych opracowali\u015bmy wewn\u0119trzne procedury i zalecenia, kt\u00f3re maj\u0105 zapobiec udost\u0119pnieniu danych osobom nieupowa\u017cnionym. Kontrolujemy ich wykonywanie i stale sprawdzamy ich zgodno\u015b\u0107 z odpowiednimi aktami prawnymi &#8211; ustaw\u0105 o ochronie danych osobowych, ustaw\u0105 o \u015bwiadczeniu us\u0142ug drog\u0105 elektroniczn\u0105, a tak\u017ce wszelkiego rodzaju aktach wykonawczych i aktach prawa wsp\u00f3lnotowego.<\/li><li>Dane Osobowe przetwarzane s\u0105 na podstawie zgody wyra\u017canej przez U\u017cytkownika oraz w przypadkach, w kt\u00f3rych przepisy prawa upowa\u017cniaj\u0105 Administratora do przetwarzania danych osobowych na podstawie przepis\u00f3w prawa lub w celu realizacji zawartej pomi\u0119dzy stronami umowy.<\/li><li>Strona realizuje funkcje pozyskiwania informacji o u\u017cytkownikach i ich zachowaniach w nast\u0119puj\u0105cy spos\u00f3b:<ul><li>poprzez dobrowolnie wprowadzone w formularzach informacje<\/li><li>poprzez gromadzenie plik\u00f3w \u201ccookies\u201d<\/li><\/ul><\/li><li>Strona zbiera informacje dobrowolnie podane przez u\u017cytkownika.<\/li><li>dane podane w formularzu s\u0105 przetwarzane w celu wynikaj\u0105cym z funkcji konkretnego formularza np. w celu dokonania procesu obs\u0142ugi kontaktu informacyjnego<\/li><li>Dane osobowe pozostawione w formularzu nie zostan\u0105 sprzedane ani udost\u0119pnione osobom trzecim, zgodnie z przepisami Ustawy o ochronie danych osobowych.<\/li><li>Do danych zawartych w formularzu przys\u0142uguje wgl\u0105d osobie fizycznej, kt\u00f3ra je tam umie\u015bci\u0142a. Osoba ta ma r\u00f3wnie\u017c praw do modyfikacji i zaprzestania przetwarzania swoich danych w dowolnym momencie.<\/li><li>Zastrzegamy sobie prawo do zmiany w polityce ochrony prywatno\u015bci strony, na kt\u00f3re mo\u017ce wp\u0142yn\u0105\u0107 rozw\u00f3j technologii internetowej, ewentualne zmiany prawa w zakresie ochrony danych osobowych oraz rozw\u00f3j naszej strony internetowej. O wszelkich zmianach b\u0119dziemy informowa\u0107 w spos\u00f3b widoczny i zrozumia\u0142y.<\/li><li>Na stronie www.aurin.pl mog\u0105 pojawia\u0107 si\u0119 linki do innych stron internetowych. Takie strony internetowe dzia\u0142aj\u0105 niezale\u017cnie od AURIN i nie s\u0105 w \u017caden spos\u00f3b nadzorowane przez www.aurin.pl Strony te mog\u0105 posiada\u0107 w\u0142asne polityki dotycz\u0105ce prywatno\u015bci oraz regulaminy, z kt\u00f3rymi zalecamy si\u0119 zapozna\u0107.<\/li>W razie w\u0105tpliwo\u015bci co kt\u00f3regokolwiek z zapis\u00f3w niniejszej polityki prywatno\u015bci jeste\u015bmy do dyspozycji &#8211; nasze dane znale\u017a\u0107 mo\u017cna w zak\u0142adce &#8211; KONTAKT.<\/ol><p>\u00a0<\/p>\t\t\t\t\t\t\t\t<\/div>\n\t\t\t\t\t<\/div>\n\t\t\t\t<\/div>\n\t\t\t\t\t<button \n\t\n\tclass=\"e-form-submit-button-base\"\n\ttype=\"submit\"\n\tdata-interaction-id=\"bf25990\"\n\tdata-e-type=\"widget\" data-id=\"bf25990\"\n\t\n>Submit<\/button>\n\t\t<div class=\"e-con e-atomic-element e-form-success-message-base message-success \"\n     data-id=\"9c9f739\"\n     data-element_type=\"e-form-success-message\"\n     data-e-type=\"e-form-success-message\"\n     data-interaction-id=\"9c9f739\"\n     >\n    \t\t\t\t\t\t<p class=\"e-paragraph-base\" data-interaction-id=\"f7131e3\"  data-e-type=\"widget\" data-id=\"f7131e3\">\n\t\t\t\t\t\t\t\tGreat! We\u2019ve received your information.\n\t\t\t\t\t<\/p>\n\t\t\n<\/div>\n<div class=\"e-con e-atomic-element e-form-error-message-base message-error \"\n     data-id=\"18f7c66\"\n     data-element_type=\"e-form-error-message\"\n     data-e-type=\"e-form-error-message\"\n     data-interaction-id=\"18f7c66\"\n     >\n    \t\t\t\t\t\t<p class=\"e-paragraph-base\" data-interaction-id=\"070f67b\"  data-e-type=\"widget\" data-id=\"070f67b\">\n\t\t\t\t\t\t\t\tWe couldn\u2019t process your submission. Please retry\n\t\t\t\t\t<\/p>\n\t\t\n<\/div>\n\n<\/form>\n\t\t<\/div>\n\t\t\t\t\t<\/div>\n\t\t\t\t<\/div>\n\t\t\t\t<\/div>\n\t\t","protected":false},"excerpt":{"rendered":"<p>Kontakt S\u0105 r\u00f3\u017cne sposoby kontaktu! Wybierz najwygodniejszy dla Ciebie! recepcja: 570 595 255 (godz. 14:00-20:00)mail:biuro@aurin.pl Ul. Indyjska 2303-957, Warszawa Godziny otwarcia:poniedzia\u0142ek-pi\u0105tek 14.00-20.00 Bad\u017a na bie\u017c\u0105co! \u00a0\u00a0 Dane do przelew\u00f3w !!! UWAGA ZMIANA NR KONTA OD 1 KWIETNIA 2026!!!CDiT AurinKonwaliowa Katrzyna Klajnul. Kowalczyka 1a, 03-193 WarszawaNr konta: m Bank 48 1140 2004 0000 3102 8649 4127NIP: [&hellip;]<\/p>\n","protected":false},"author":1,"featured_media":0,"parent":0,"menu_order":0,"comment_status":"closed","ping_status":"closed","template":"","meta":{"footnotes":""},"class_list":["post-275","page","type-page","status-publish","hentry"],"_links":{"self":[{"href":"https:\/\/aurin.pl\/index.php?rest_route=\/wp\/v2\/pages\/275","targetHints":{"allow":["GET"]}}],"collection":[{"href":"https:\/\/aurin.pl\/index.php?rest_route=\/wp\/v2\/pages"}],"about":[{"href":"https:\/\/aurin.pl\/index.php?rest_route=\/wp\/v2\/types\/page"}],"author":[{"embeddable":true,"href":"https:\/\/aurin.pl\/index.php?rest_route=\/wp\/v2\/users\/1"}],"replies":[{"embeddable":true,"href":"https:\/\/aurin.pl\/index.php?rest_route=%2Fwp%2Fv2%2Fcomments&post=275"}],"version-history":[{"count":17,"href":"https:\/\/aurin.pl\/index.php?rest_route=\/wp\/v2\/pages\/275\/revisions"}],"predecessor-version":[{"id":374,"href":"https:\/\/aurin.pl\/index.php?rest_route=\/wp\/v2\/pages\/275\/revisions\/374"}],"wp:attachment":[{"href":"https:\/\/aurin.pl\/index.php?rest_route=%2Fwp%2Fv2%2Fmedia&parent=275"}],"curies":[{"name":"wp","href":"https:\/\/api.w.org\/{rel}","templated":true}]}}