{"id":256,"date":"2026-04-06T23:42:41","date_gmt":"2026-04-06T23:42:41","guid":{"rendered":"https:\/\/aurin.pl\/?page_id=256"},"modified":"2026-04-07T19:43:43","modified_gmt":"2026-04-07T19:43:43","slug":"elementor-256","status":"publish","type":"page","link":"https:\/\/aurin.pl\/?page_id=256","title":{"rendered":"Cennik"},"content":{"rendered":"\t\t<div data-elementor-type=\"wp-page\" data-elementor-id=\"256\" class=\"elementor elementor-256\" data-elementor-post-type=\"page\">\n\t\t\t\t<div class=\"elementor-element elementor-element-faeae6a e-flex e-con-boxed e-con e-parent\" data-id=\"faeae6a\" data-element_type=\"container\" data-e-type=\"container\">\n\t\t\t\t\t<div class=\"e-con-inner\">\n\t\t\t\t<div class=\"elementor-element elementor-element-06d33e8 elementor-widget elementor-widget-text-editor\" data-id=\"06d33e8\" data-element_type=\"widget\" data-e-type=\"widget\" data-widget_type=\"text-editor.default\">\n\t\t\t\t\t\t\t\t\t<div class=\"main_title\"><h2>Cennik zaj\u0119\u0107<\/h2><p>Zaj\u0119cia nale\u017cy odwo\u0142a\u0107 do godziny 17:00 dnia poprzedzaj\u0105cego dzie\u0144 wizyty. Zaj\u0119cia odwo\u0142ane po tym terminie podlegaj\u0105 op\u0142acie.<a href=\"https:\/\/www.aurin.pl\/UMOWAzKLIENTEM_2023_RODO.pdf\">\u00a0<\/a><\/p><p>Ceny podane w cenniku <b>obowi\u0105zuj\u0105 pod warunkiem op\u0142aty z g\u00f3ry za ca\u0142y miesi\u0105c.<\/b>\u00a0Przy p\u0142atno\u015bciach jednorazowych nale\u017cy doliczy\u0107 10 z\u0142.<\/p><p>Op\u0142aty za diagnozy przyjmujemy przelewem na konto, przed pierwsz\u0105 wizyt\u0105<\/p><\/div>\t\t\t\t\t\t\t\t<\/div>\n\t\t\t\t\t<\/div>\n\t\t\t\t<\/div>\n\t\t<div class=\"elementor-element elementor-element-3e4561b e-grid e-con-boxed e-con e-parent\" data-id=\"3e4561b\" data-element_type=\"container\" data-e-type=\"container\">\n\t\t\t\t\t<div class=\"e-con-inner\">\n\t\t<div class=\"elementor-element elementor-element-fba299e e-con-full e-flex e-con e-child\" data-id=\"fba299e\" data-element_type=\"container\" data-e-type=\"container\">\n\t\t\t\t<div class=\"elementor-element elementor-element-394e1f3 elementor-widget__width-initial elementor-widget elementor-widget-text-editor\" data-id=\"394e1f3\" data-element_type=\"widget\" data-e-type=\"widget\" data-widget_type=\"text-editor.default\">\n\t\t\t\t\t\t\t\t\t<p>Przelewy mo\u017cna wykona\u0107 na konto:<br>CDiT Aurin<br>Konwaliowa Katrzyna Klajn<br>ul. Kowalczyka 1a, 03-193 Warszawa<br>Nr konta: <br>m Bank 48 1140 2004 0000 3102 8649 4127<\/p><p>NIP: 118 176 17 65<\/p>\t\t\t\t\t\t\t\t<\/div>\n\t\t\t\t<\/div>\n\t\t<div class=\"elementor-element elementor-element-067a57f e-con-full e-flex e-con e-child\" data-id=\"067a57f\" data-element_type=\"container\" data-e-type=\"container\">\n\t\t\t\t<div class=\"elementor-element elementor-element-1507e9a elementor-align-center elementor-widget elementor-widget-button\" data-id=\"1507e9a\" data-element_type=\"widget\" data-e-type=\"widget\" data-widget_type=\"button.default\">\n\t\t\t\t\t\t\t\t\t\t<a class=\"elementor-button elementor-button-link elementor-size-sm\" href=\"#elementor-action%3Aaction%3Dpopup%3Aopen%26settings%3DeyJpZCI6IjM1NiIsInRvZ2dsZSI6ZmFsc2V9\">\n\t\t\t\t\t\t<span class=\"elementor-button-content-wrapper\">\n\t\t\t\t\t\t\t\t\t<span class=\"elementor-button-text\">Regulamin<\/span>\n\t\t\t\t\t<\/span>\n\t\t\t\t\t<\/a>\n\t\t\t\t\t\t\t\t<\/div>\n\t\t\t\t<\/div>\n\t\t\t\t\t<\/div>\n\t\t\t\t<\/div>\n\t\t<div class=\"elementor-element elementor-element-c34d94b e-flex e-con-boxed e-con e-parent\" data-id=\"c34d94b\" data-element_type=\"container\" data-e-type=\"container\">\n\t\t\t\t\t<div class=\"e-con-inner\">\n\t\t\t\t<div class=\"elementor-element elementor-element-d2a1b4c elementor-widget elementor-widget-text-editor\" data-id=\"d2a1b4c\" data-element_type=\"widget\" data-e-type=\"widget\" data-widget_type=\"text-editor.default\">\n\t\t\t\t\t\t\t\t\t<div class=\"main_title\">\u00a0<\/div><table width=\"679\"><tbody><tr><td width=\"460\">Terapia integracji sensorycznej<\/td><td width=\"132\">50 min<\/td><td width=\"87\"><span data-max-value=\"165\">165 z\u0142 <\/span><\/td><\/tr><tr><td>Terapia integracji sensorycznej<\/td><td>25 min<\/td><td><span data-max-value=\"110\">110 z\u0142 <\/span><\/td><\/tr><tr><td>Diagnoza integracji sensorycznej (w tym pisemna opinia)<\/td><td>3 x 60 min<\/td><td><span data-max-value=\"600\">600 z\u0142 <\/span><\/td><\/tr><tr><td>Konsultacja integracji sensorycznej<\/td><td>1 x 60 min<\/td><td><span data-max-value=\"270\">270 z\u0142 <\/span><\/td><\/tr><tr><td>Rediagnoza integracji sensorycznej<\/td><td>2 x 60 min<\/td><td><span data-max-value=\"400\">400 z\u0142 <\/span><\/td><\/tr><tr><td>Terapia logopedyczna<\/td><td>50 min<\/td><td><span data-max-value=\"165\">165 z\u0142 <\/span><\/td><\/tr><tr><td>Terapia logopedyczna<\/td><td>25 min<\/td><td><span data-max-value=\"120\">120 z\u0142 <\/span><\/td><\/tr><tr><td>Konsultacja logopedyczna<\/td><td>60 min<\/td><td><span data-max-value=\"250\">250 z\u0142 <\/span><\/td><\/tr><tr><td>Diagnoza miofunkcjonalna (z dokumentem)<\/td><td>50 min<\/td><td><span data-max-value=\"350\">350 z\u0142 <\/span><\/td><\/tr><tr><td>Terapia miofunkcjonalna<\/td><td>50 min<\/td><td><span data-max-value=\"190\">190 z\u0142 <\/span><\/td><\/tr><tr><td>Terapia miofunkcjonalna<\/td><td>25 min<\/td><td><span data-max-value=\"150\">150 z\u0142 <\/span><\/td><\/tr><tr><td>Kosultacja psychologiczna<\/td><td>50 min\/os<\/td><td><span data-max-value=\"250\">250 z\u0142 <\/span><\/td><\/tr><tr><td>Terapia psychologiczna<\/td><td>50 min\/os<\/td><td><span data-max-value=\"200\">200 z\u0142 <\/span><\/td><\/tr><tr><td>Konsultacja fizjoterapeutyczna<\/td><td>60 min<\/td><td><span data-max-value=\"250\">250 z\u0142 <\/span><\/td><\/tr><tr><td>Fizjoterapia<\/td><td>50 min<\/td><td><span data-max-value=\"170\">170 z\u0142 <\/span><\/td><\/tr><tr><td>Fizjoterapia<\/td><td>25 min<\/td><td><span data-max-value=\"140\">140 z\u0142 <\/span><\/td><\/tr><tr><td>Terapia SMART<\/td><td>30 min<\/td><td><span data-max-value=\"110\">110 z\u0142 <\/span><\/td><\/tr><tr><td>Terapia r\u0119ki<\/td><td>50 min<\/td><td><span data-max-value=\"150\">165 z\u0142 <\/span><\/td><\/tr><tr><td>Opinia specjalistyczna<\/td><td>\u00a0<\/td><td><span data-max-value=\"200\">150 z\u0142 <\/span><\/td><\/tr><tr><td>Pisemna informacja o terapii<\/td><td>\u00a0<\/td><td><span data-max-value=\"160\">80 z\u0142 <\/span><\/td><\/tr><\/tbody><\/table>\t\t\t\t\t\t\t\t<\/div>\n\t\t\t\t\t<\/div>\n\t\t\t\t<\/div>\n\t\t<div class=\"elementor-element elementor-element-b6669ca e-flex e-con-boxed e-con e-parent\" data-id=\"b6669ca\" data-element_type=\"container\" data-e-type=\"container\">\n\t\t\t\t\t<div class=\"e-con-inner\">\n\t\t\t\t\t<\/div>\n\t\t\t\t<\/div>\n\t\t\t\t<\/div>\n\t\t","protected":false},"excerpt":{"rendered":"<p>Cennik zaj\u0119\u0107 Zaj\u0119cia nale\u017cy odwo\u0142a\u0107 do godziny 17:00 dnia poprzedzaj\u0105cego dzie\u0144 wizyty. Zaj\u0119cia odwo\u0142ane po tym terminie podlegaj\u0105 op\u0142acie.\u00a0 Ceny podane w cenniku obowi\u0105zuj\u0105 pod warunkiem op\u0142aty z g\u00f3ry za ca\u0142y miesi\u0105c.\u00a0Przy p\u0142atno\u015bciach jednorazowych nale\u017cy doliczy\u0107 10 z\u0142. Op\u0142aty za diagnozy przyjmujemy przelewem na konto, przed pierwsz\u0105 wizyt\u0105 Przelewy mo\u017cna wykona\u0107 na konto:CDiT AurinKonwaliowa Katrzyna [&hellip;]<\/p>\n","protected":false},"author":1,"featured_media":0,"parent":0,"menu_order":0,"comment_status":"closed","ping_status":"closed","template":"","meta":{"footnotes":""},"class_list":["post-256","page","type-page","status-publish","hentry"],"_links":{"self":[{"href":"https:\/\/aurin.pl\/index.php?rest_route=\/wp\/v2\/pages\/256","targetHints":{"allow":["GET"]}}],"collection":[{"href":"https:\/\/aurin.pl\/index.php?rest_route=\/wp\/v2\/pages"}],"about":[{"href":"https:\/\/aurin.pl\/index.php?rest_route=\/wp\/v2\/types\/page"}],"author":[{"embeddable":true,"href":"https:\/\/aurin.pl\/index.php?rest_route=\/wp\/v2\/users\/1"}],"replies":[{"embeddable":true,"href":"https:\/\/aurin.pl\/index.php?rest_route=%2Fwp%2Fv2%2Fcomments&post=256"}],"version-history":[{"count":49,"href":"https:\/\/aurin.pl\/index.php?rest_route=\/wp\/v2\/pages\/256\/revisions"}],"predecessor-version":[{"id":381,"href":"https:\/\/aurin.pl\/index.php?rest_route=\/wp\/v2\/pages\/256\/revisions\/381"}],"wp:attachment":[{"href":"https:\/\/aurin.pl\/index.php?rest_route=%2Fwp%2Fv2%2Fmedia&parent=256"}],"curies":[{"name":"wp","href":"https:\/\/api.w.org\/{rel}","templated":true}]}}